{"id":79,"date":"2023-07-17T12:12:51","date_gmt":"2023-07-17T10:12:51","guid":{"rendered":"https:\/\/www.norkam.co.uk\/?page_id=79"},"modified":"2023-08-06T17:13:56","modified_gmt":"2023-08-06T15:13:56","slug":"wynajem","status":"publish","type":"page","link":"https:\/\/www.norkam.co.uk\/pl\/wynajem\/","title":{"rendered":"Wynajem"},"content":{"rendered":"\t\t<div data-elementor-type=\"wp-page\" data-elementor-id=\"79\" class=\"elementor elementor-79\" data-elementor-post-type=\"page\">\n\t\t\t\t\t\t<section class=\"elementor-section elementor-top-section elementor-element elementor-element-69d4a522 elementor-section-boxed elementor-section-height-default elementor-section-height-default\" data-id=\"69d4a522\" data-element_type=\"section\" data-settings=\"{&quot;background_background&quot;:&quot;classic&quot;}\">\n\t\t\t\t\t\t<div class=\"elementor-container elementor-column-gap-default\">\n\t\t\t\t\t<div class=\"elementor-column elementor-col-100 elementor-top-column elementor-element elementor-element-d0ed7c5\" data-id=\"d0ed7c5\" data-element_type=\"column\">\n\t\t\t<div class=\"elementor-widget-wrap elementor-element-populated\">\n\t\t\t\t\t\t<div class=\"elementor-element elementor-element-294ab08 elementor-widget elementor-widget-breadcrumbs\" data-id=\"294ab08\" data-element_type=\"widget\" data-widget_type=\"breadcrumbs.default\">\n\t\t\t\t<div class=\"elementor-widget-container\">\n\t\t\t\t\t<p id=\"breadcrumbs\"><span><span><a href=\"https:\/\/www.norkam.co.uk\/pl\/\">Home<\/a><\/span><\/span><\/p>\t\t\t\t<\/div>\n\t\t\t\t<\/div>\n\t\t\t\t\t<\/div>\n\t\t<\/div>\n\t\t\t\t\t<\/div>\n\t\t<\/section>\n\t\t\t\t<section class=\"elementor-section elementor-top-section elementor-element elementor-element-6dd2f0e elementor-section-boxed elementor-section-height-default elementor-section-height-default\" data-id=\"6dd2f0e\" data-element_type=\"section\">\n\t\t\t\t\t\t<div class=\"elementor-container elementor-column-gap-default\">\n\t\t\t\t\t<div class=\"elementor-column elementor-col-100 elementor-top-column elementor-element elementor-element-ce025ca\" data-id=\"ce025ca\" data-element_type=\"column\">\n\t\t\t<div class=\"elementor-widget-wrap elementor-element-populated\">\n\t\t\t\t\t\t<div class=\"elementor-element elementor-element-5463a33e elementor-widget elementor-widget-text-editor\" data-id=\"5463a33e\" data-element_type=\"widget\" data-widget_type=\"text-editor.default\">\n\t\t\t\t<div class=\"elementor-widget-container\">\n\t\t\t\t\t\t\t\t\t<p>Zapewnij sobie elastyczno\u015b\u0107 i efektywno\u015b\u0107 w zarz\u0105dzaniu odpadami dzi\u0119ki naszej us\u0142udze wynajmu belownic. Oferujemy szeroki wyb\u00f3r zaawansowanych maszyn, kt\u00f3re sprostaj\u0105 Twoim unikalnym potrzebom.<\/p><p>Nasza flota belownic jest starannie utrzymana i gotowa do dzia\u0142ania w ka\u017cdym momencie. Dzi\u0119ki naszemu do\u015bwiadczeniu i zaanga\u017cowaniu mo\u017cemy zapewni\u0107 Ci nie tylko wysok\u0105 jako\u015b\u0107 maszyn, ale tak\u017ce kompleksow\u0105 obs\u0142ug\u0119 i wsparcie techniczne.<\/p><p>Wynajem belownic to doskona\u0142e rozwi\u0105zanie dla firm o zmiennych ilo\u015bciach odpad\u00f3w lub kr\u00f3tkoterminowych potrzeb. Skontaktuj si\u0119 z nami, aby dowiedzie\u0107 si\u0119 wi\u0119cej o naszych dost\u0119pnych modelach i korzy\u015bciach z wynajmu belownic. Pozw\u00f3l nam wesprze\u0107 Ci\u0119 w efektywnym zarz\u0105dzaniu odpadami i osi\u0105gni\u0119ciu optymalnych wynik\u00f3w recyklingu.<\/p>\t\t\t\t\t\t\t\t<\/div>\n\t\t\t\t<\/div>\n\t\t\t\t<div class=\"elementor-element elementor-element-de0fd90 elementor-widget elementor-widget-button\" data-id=\"de0fd90\" data-element_type=\"widget\" data-widget_type=\"button.default\">\n\t\t\t\t<div class=\"elementor-widget-container\">\n\t\t\t\t\t\t\t\t\t<div class=\"elementor-button-wrapper\">\n\t\t\t\t\t<a class=\"elementor-button elementor-button-link elementor-size-sm\" href=\"https:\/\/www.norkam.co.uk\/kontakt\/\">\n\t\t\t\t\t\t<span class=\"elementor-button-content-wrapper\">\n\t\t\t\t\t\t\t\t\t<span class=\"elementor-button-text\">Skontaktuj si\u0119 z nami<\/span>\n\t\t\t\t\t<\/span>\n\t\t\t\t\t<\/a>\n\t\t\t\t<\/div>\n\t\t\t\t\t\t\t\t<\/div>\n\t\t\t\t<\/div>\n\t\t\t\t\t<\/div>\n\t\t<\/div>\n\t\t\t\t\t<\/div>\n\t\t<\/section>\n\t\t\t\t<\/div>\n\t\t","protected":false},"excerpt":{"rendered":"<p>Zapewnij sobie elastyczno\u015b\u0107 i efektywno\u015b\u0107 w zarz\u0105dzaniu odpadami dzi\u0119ki naszej us\u0142udze wynajmu belownic. Oferujemy szeroki wyb\u00f3r zaawansowanych maszyn, kt\u00f3re sprostaj\u0105 Twoim unikalnym potrzebom. Nasza flota belownic jest starannie utrzymana i gotowa do dzia\u0142ania w ka\u017cdym momencie. Dzi\u0119ki naszemu do\u015bwiadczeniu i zaanga\u017cowaniu mo\u017cemy zapewni\u0107 Ci nie tylko wysok\u0105 jako\u015b\u0107 maszyn, ale tak\u017ce kompleksow\u0105 obs\u0142ug\u0119 i wsparcie [&hellip;]<\/p>\n","protected":false},"author":1,"featured_media":0,"parent":0,"menu_order":0,"comment_status":"closed","ping_status":"closed","template":"elementor_header_footer","meta":{"_acf_changed":false,"footnotes":""},"class_list":["post-79","page","type-page","status-publish","hentry"],"acf":[],"yoast_head":"<!-- This site is optimized with the Yoast SEO plugin v24.8 - https:\/\/yoast.com\/wordpress\/plugins\/seo\/ -->\n<title>Wynajem - Norkam<\/title>\n<meta name=\"robots\" content=\"index, follow, max-snippet:-1, max-image-preview:large, max-video-preview:-1\" \/>\n<link rel=\"canonical\" href=\"https:\/\/www.norkam.co.uk\/pl\/wynajem\/\" \/>\n<meta property=\"og:locale\" content=\"pl_PL\" \/>\n<meta property=\"og:type\" content=\"article\" \/>\n<meta property=\"og:title\" content=\"Wynajem - Norkam\" \/>\n<meta property=\"og:description\" content=\"Zapewnij sobie elastyczno\u015b\u0107 i efektywno\u015b\u0107 w zarz\u0105dzaniu odpadami dzi\u0119ki naszej us\u0142udze wynajmu belownic. Oferujemy szeroki wyb\u00f3r zaawansowanych maszyn, kt\u00f3re sprostaj\u0105 Twoim unikalnym potrzebom. Nasza flota belownic jest starannie utrzymana i gotowa do dzia\u0142ania w ka\u017cdym momencie. Dzi\u0119ki naszemu do\u015bwiadczeniu i zaanga\u017cowaniu mo\u017cemy zapewni\u0107 Ci nie tylko wysok\u0105 jako\u015b\u0107 maszyn, ale tak\u017ce kompleksow\u0105 obs\u0142ug\u0119 i wsparcie [&hellip;]\" \/>\n<meta property=\"og:url\" content=\"https:\/\/www.norkam.co.uk\/pl\/wynajem\/\" \/>\n<meta property=\"og:site_name\" content=\"Norkam\" \/>\n<meta property=\"article:modified_time\" content=\"2023-08-06T15:13:56+00:00\" \/>\n<meta name=\"twitter:card\" content=\"summary_large_image\" \/>\n<meta name=\"twitter:label1\" content=\"Szacowany czas czytania\" \/>\n\t<meta name=\"twitter:data1\" content=\"1 minuta\" \/>\n<script type=\"application\/ld+json\" class=\"yoast-schema-graph\">{\"@context\":\"https:\/\/schema.org\",\"@graph\":[{\"@type\":\"WebPage\",\"@id\":\"https:\/\/www.norkam.co.uk\/pl\/wynajem\/\",\"url\":\"https:\/\/www.norkam.co.uk\/pl\/wynajem\/\",\"name\":\"Wynajem - Norkam\",\"isPartOf\":{\"@id\":\"https:\/\/www.norkam.co.uk\/pl\/#website\"},\"datePublished\":\"2023-07-17T10:12:51+00:00\",\"dateModified\":\"2023-08-06T15:13:56+00:00\",\"breadcrumb\":{\"@id\":\"https:\/\/www.norkam.co.uk\/pl\/wynajem\/#breadcrumb\"},\"inLanguage\":\"pl-PL\",\"potentialAction\":[{\"@type\":\"ReadAction\",\"target\":[\"https:\/\/www.norkam.co.uk\/pl\/wynajem\/\"]}]},{\"@type\":\"BreadcrumbList\",\"@id\":\"https:\/\/www.norkam.co.uk\/pl\/wynajem\/#breadcrumb\",\"itemListElement\":[{\"@type\":\"ListItem\",\"position\":1,\"name\":\"Home\",\"item\":\"https:\/\/www.norkam.co.uk\/pl\/\"},{\"@type\":\"ListItem\",\"position\":2,\"name\":\"Wynajem\"}]},{\"@type\":\"WebSite\",\"@id\":\"https:\/\/www.norkam.co.uk\/pl\/#website\",\"url\":\"https:\/\/www.norkam.co.uk\/pl\/\",\"name\":\"Norkam\",\"description\":\"\",\"publisher\":{\"@id\":\"https:\/\/www.norkam.co.uk\/pl\/#organization\"},\"potentialAction\":[{\"@type\":\"SearchAction\",\"target\":{\"@type\":\"EntryPoint\",\"urlTemplate\":\"https:\/\/www.norkam.co.uk\/pl\/?s={search_term_string}\"},\"query-input\":{\"@type\":\"PropertyValueSpecification\",\"valueRequired\":true,\"valueName\":\"search_term_string\"}}],\"inLanguage\":\"pl-PL\"},{\"@type\":\"Organization\",\"@id\":\"https:\/\/www.norkam.co.uk\/pl\/#organization\",\"name\":\"Norkam\",\"url\":\"https:\/\/www.norkam.co.uk\/pl\/\",\"logo\":{\"@type\":\"ImageObject\",\"inLanguage\":\"pl-PL\",\"@id\":\"https:\/\/www.norkam.co.uk\/pl\/#\/schema\/logo\/image\/\",\"url\":\"https:\/\/www.norkam.co.uk\/wp-content\/uploads\/2023\/07\/logo-white.png\",\"contentUrl\":\"https:\/\/www.norkam.co.uk\/wp-content\/uploads\/2023\/07\/logo-white.png\",\"width\":264,\"height\":104,\"caption\":\"Norkam\"},\"image\":{\"@id\":\"https:\/\/www.norkam.co.uk\/pl\/#\/schema\/logo\/image\/\"}}]}<\/script>\n<!-- \/ Yoast SEO plugin. -->","yoast_head_json":{"title":"Wynajem - Norkam","robots":{"index":"index","follow":"follow","max-snippet":"max-snippet:-1","max-image-preview":"max-image-preview:large","max-video-preview":"max-video-preview:-1"},"canonical":"https:\/\/www.norkam.co.uk\/pl\/wynajem\/","og_locale":"pl_PL","og_type":"article","og_title":"Wynajem - Norkam","og_description":"Zapewnij sobie elastyczno\u015b\u0107 i efektywno\u015b\u0107 w zarz\u0105dzaniu odpadami dzi\u0119ki naszej us\u0142udze wynajmu belownic. Oferujemy szeroki wyb\u00f3r zaawansowanych maszyn, kt\u00f3re sprostaj\u0105 Twoim unikalnym potrzebom. Nasza flota belownic jest starannie utrzymana i gotowa do dzia\u0142ania w ka\u017cdym momencie. Dzi\u0119ki naszemu do\u015bwiadczeniu i zaanga\u017cowaniu mo\u017cemy zapewni\u0107 Ci nie tylko wysok\u0105 jako\u015b\u0107 maszyn, ale tak\u017ce kompleksow\u0105 obs\u0142ug\u0119 i wsparcie [&hellip;]","og_url":"https:\/\/www.norkam.co.uk\/pl\/wynajem\/","og_site_name":"Norkam","article_modified_time":"2023-08-06T15:13:56+00:00","twitter_card":"summary_large_image","twitter_misc":{"Szacowany czas czytania":"1 minuta"},"schema":{"@context":"https:\/\/schema.org","@graph":[{"@type":"WebPage","@id":"https:\/\/www.norkam.co.uk\/pl\/wynajem\/","url":"https:\/\/www.norkam.co.uk\/pl\/wynajem\/","name":"Wynajem - Norkam","isPartOf":{"@id":"https:\/\/www.norkam.co.uk\/pl\/#website"},"datePublished":"2023-07-17T10:12:51+00:00","dateModified":"2023-08-06T15:13:56+00:00","breadcrumb":{"@id":"https:\/\/www.norkam.co.uk\/pl\/wynajem\/#breadcrumb"},"inLanguage":"pl-PL","potentialAction":[{"@type":"ReadAction","target":["https:\/\/www.norkam.co.uk\/pl\/wynajem\/"]}]},{"@type":"BreadcrumbList","@id":"https:\/\/www.norkam.co.uk\/pl\/wynajem\/#breadcrumb","itemListElement":[{"@type":"ListItem","position":1,"name":"Home","item":"https:\/\/www.norkam.co.uk\/pl\/"},{"@type":"ListItem","position":2,"name":"Wynajem"}]},{"@type":"WebSite","@id":"https:\/\/www.norkam.co.uk\/pl\/#website","url":"https:\/\/www.norkam.co.uk\/pl\/","name":"Norkam","description":"","publisher":{"@id":"https:\/\/www.norkam.co.uk\/pl\/#organization"},"potentialAction":[{"@type":"SearchAction","target":{"@type":"EntryPoint","urlTemplate":"https:\/\/www.norkam.co.uk\/pl\/?s={search_term_string}"},"query-input":{"@type":"PropertyValueSpecification","valueRequired":true,"valueName":"search_term_string"}}],"inLanguage":"pl-PL"},{"@type":"Organization","@id":"https:\/\/www.norkam.co.uk\/pl\/#organization","name":"Norkam","url":"https:\/\/www.norkam.co.uk\/pl\/","logo":{"@type":"ImageObject","inLanguage":"pl-PL","@id":"https:\/\/www.norkam.co.uk\/pl\/#\/schema\/logo\/image\/","url":"https:\/\/www.norkam.co.uk\/wp-content\/uploads\/2023\/07\/logo-white.png","contentUrl":"https:\/\/www.norkam.co.uk\/wp-content\/uploads\/2023\/07\/logo-white.png","width":264,"height":104,"caption":"Norkam"},"image":{"@id":"https:\/\/www.norkam.co.uk\/pl\/#\/schema\/logo\/image\/"}}]}},"_links":{"self":[{"href":"https:\/\/www.norkam.co.uk\/pl\/wp-json\/wp\/v2\/pages\/79","targetHints":{"allow":["GET"]}}],"collection":[{"href":"https:\/\/www.norkam.co.uk\/pl\/wp-json\/wp\/v2\/pages"}],"about":[{"href":"https:\/\/www.norkam.co.uk\/pl\/wp-json\/wp\/v2\/types\/page"}],"author":[{"embeddable":true,"href":"https:\/\/www.norkam.co.uk\/pl\/wp-json\/wp\/v2\/users\/1"}],"replies":[{"embeddable":true,"href":"https:\/\/www.norkam.co.uk\/pl\/wp-json\/wp\/v2\/comments?post=79"}],"version-history":[{"count":13,"href":"https:\/\/www.norkam.co.uk\/pl\/wp-json\/wp\/v2\/pages\/79\/revisions"}],"predecessor-version":[{"id":1477,"href":"https:\/\/www.norkam.co.uk\/pl\/wp-json\/wp\/v2\/pages\/79\/revisions\/1477"}],"wp:attachment":[{"href":"https:\/\/www.norkam.co.uk\/pl\/wp-json\/wp\/v2\/media?parent=79"}],"curies":[{"name":"wp","href":"https:\/\/api.w.org\/{rel}","templated":true}]}}